{"id":2414,"date":"2026-02-20T15:15:58","date_gmt":"2026-02-20T15:15:58","guid":{"rendered":"https:\/\/dovowp.bex.com.pt\/produtos\/"},"modified":"2026-04-13T13:04:00","modified_gmt":"2026-04-13T13:04:00","slug":"productos","status":"publish","type":"page","link":"https:\/\/dovowp.bex.com.pt\/es\/productos\/","title":{"rendered":"Productos"},"content":{"rendered":"\t<div id=\"gap-1212957589\" class=\"gap-element clearfix\" style=\"display:block; height:auto;\">\n\t\t\n<style>\n#gap-1212957589 {\n  padding-top: 100px;\n}\n<\/style>\n\t<\/div>\n\t\n\n\t<section class=\"section\" id=\"section_53598397\">\n\t\t<div class=\"section-bg fill\" >\n\t\t\t\t\t\t\t\t\t\n\t\t\t\n\n\t\t<\/div>\n\n\t\t\n\n\t\t<div class=\"section-content relative\">\n\t\t\t\n<div class=\"row row-collapse align-middle align-center\"  id=\"row-301535133\">\n\n\t<div id=\"col-206628707\" class=\"col small-12 large-12\"  >\n\t\t\t\t<div class=\"col-inner\"  >\n\t\t\t\n\t\t\t\n<div id=\"portfolio-513600905\" class=\"portfolio-element-wrapper has-filtering\">\n  \n    <div class=\"row large-columns-5 medium-columns-3 small-columns-1 row-small\" >\n    <\/div><\/div>\n<p><\/p>\n\t\t<\/div>\n\t\t\t\t\t<\/div>\n\n\t\n<\/div>\n\t\t<\/div>\n\n\t\t\n<style>\n#section_53598397 {\n  padding-top: 30px;\n  padding-bottom: 30px;\n}\n<\/style>\n\t<\/section>\n\t\n\n\t<section class=\"section\" id=\"section_1996429442\">\n\t\t<div class=\"section-bg fill\" >\n\t\t\t\t\t\t\t\t\t\n\t\t\t\n\n\t\t<\/div>\n\n\t\t\n\n\t\t<div class=\"section-content relative\">\n\t\t\t\n<div class=\"row row-collapse\"  id=\"row-2098730866\">\n\n\t<div id=\"col-1819562438\" class=\"col small-12 large-12\"  >\n\t\t\t\t<div class=\"col-inner\"  >\n\t\t\t\n\t\t\t\n<div class=\"accordion\">\n\t<div id=\"accordion-3081260183\" class=\"accordion-item ver-mais-produtos\">\n\t\t<a id=\"accordion-3081260183-label\" class=\"accordion-title plain\" href=\"#accordion-item-ver-mais-produtos\" aria-expanded=\"false\" aria-controls=\"accordion-3081260183-content\">\n\t\t\t<button class=\"toggle\" aria-label=\"Toggle\"><i class=\"icon-angle-down\" aria-hidden=\"true\"><\/i><\/button>\n\t\t\t<span>VER MAIS PRODUTOS<\/span>\n\t\t<\/a>\n\t\t<div id=\"accordion-3081260183-content\" class=\"accordion-inner\" aria-labelledby=\"accordion-3081260183-label\">\n\t\t\t\n\t<div id=\"gap-1317551171\" class=\"gap-element clearfix\" style=\"display:block; height:auto;\">\n\t\t\n<style>\n#gap-1317551171 {\n  padding-top: 50px;\n}\n<\/style>\n\t<\/div>\n\t\n<div id=\"portfolio-729200581\" class=\"portfolio-element-wrapper has-filtering\">\n  \n    <div class=\"row large-columns-5 medium-columns-3 small-columns-1 row-small\" >\n    <div class=\"col\" data-terms=\"\" >\n          <div class=\"col-inner\" >\n          <a href=\"https:\/\/dovowp.bex.com.pt\/es\/productos\/pastas-para-barrar-es\/\" class=\"plain \">\n          <div class=\"portfolio-box box has-hover box-normal\">\n            <div class=\"box-image\" >\n                <div class=\"image-overlay-remove image-overlay-remove image-cover\" style=\"padding-top:100%;\">\n                <img loading=\"lazy\" decoding=\"async\" width=\"600\" height=\"600\" src=\"https:\/\/dovowp.bex.com.pt\/wp-content\/uploads\/2026\/03\/produtos_website_600x600_pastas.png\" class=\"attachment-original size-original\" alt=\"Pasta para barrar DOVO pronta a consumir\" srcset=\"https:\/\/dovowp.bex.com.pt\/wp-content\/uploads\/2026\/03\/produtos_website_600x600_pastas.png 600w, https:\/\/dovowp.bex.com.pt\/wp-content\/uploads\/2026\/03\/produtos_website_600x600_pastas-500x500.png 500w\" sizes=\"auto, (max-width: 600px) 100vw, 600px\" \/>                                                <\/div>\n            <\/div>\n            <div class=\"box-text text-center is-large\" >\n                  <div class=\"box-text-inner\">\n                      <h6 class=\"uppercase portfolio-box-title\">Pastas para Barrar<\/h6>\n                      <p class=\"uppercase portfolio-box-category is-xsmall op-6\">\n                        <span class=\"show-on-hover\">\n                                                 <\/span>\n                      <\/p>\n                  <\/div>\n            <\/div>\n           <\/div>\n           <\/a>\n           <\/div>\n           <\/div><\/div><\/div>\n<p><\/p>\n\t\t<\/div>\n\t<\/div>\n\t\n<\/div>\n\t\t<\/div>\n\t\t\t\t\t<\/div>\n\n\t\n<\/div>\n\t\t<\/div>\n\n\t\t\n<style>\n#section_1996429442 {\n  padding-top: 30px;\n  padding-bottom: 30px;\n}\n<\/style>\n\t<\/section>\n\t\n\t<div id=\"gap-373264412\" class=\"gap-element clearfix\" style=\"display:block; height:auto;\">\n\t\t\n<style>\n#gap-373264412 {\n  padding-top: 100px;\n}\n<\/style>\n\t<\/div>\n\t\n\n  <div class=\"banner has-hover\" id=\"banner-1082210557\">\n          <div class=\"banner-inner fill\">\n        <div class=\"banner-bg fill\" >\n            <img loading=\"lazy\" decoding=\"async\" width=\"1920\" height=\"1080\" src=\"https:\/\/dovowp.bex.com.pt\/wp-content\/uploads\/2026\/03\/destaque_pagina_produtos.jpg\" class=\"bg attachment-original size-original\" alt=\"ovoprodutos dovo\" \/>                                    \n                    <\/div>\n\t\t\n        <div class=\"banner-layers container\">\n            <div class=\"fill banner-link\"><\/div>            \n   <div id=\"text-box-1050626191\" class=\"text-box banner-layer x50 md-x50 lg-x50 y50 md-y50 lg-y50 res-text\">\n                     <div data-animate=\"fadeInUp\">           <div class=\"text-box-content text \">\n              \n              <div class=\"text-inner text-center\">\n                  \n\t<div id=\"text-1939884590\" class=\"text\">\n\t\t\n<p><\/p>\n<h2 class=\"uppercase\"><strong>O OVO EM TODAS AS SUAS FORMAS, PRONTO A USAR<br \/>\n<\/strong><\/h2>\n<p>\n\t\t\n<style>\n#text-1939884590 {\n  font-size: 0.75rem;\n  color: #ffffff;\n}\n#text-1939884590 > * {\n  color: #ffffff;\n}\n<\/style>\n\t<\/div>\n\t\n\t<div id=\"gap-356682363\" class=\"gap-element clearfix\" style=\"display:block; height:auto;\">\n\t\t\n<style>\n#gap-356682363 {\n  padding-top: 30px;\n}\n<\/style>\n\t<\/div>\n\t\n\t<div id=\"text-1877379632\" class=\"text\">\n\t\t\n<p><\/p>\n<h3>Da Clara de Ovo pasteurizada aos Ovos Cozidos, conhe\u00e7a as solu\u00e7\u00f5es pr\u00e1ticas e seguras pensadas para consumidores e profissionais.<\/h3>\n<p>\n\t\t\n<style>\n#text-1877379632 {\n  font-size: 0.75rem;\n  color: #ffffff;\n}\n#text-1877379632 > * {\n  color: #ffffff;\n}\n<\/style>\n\t<\/div>\n\t\n              <\/div>\n           <\/div>\n       <\/div>                     \n<style>\n#text-box-1050626191 .text-box-content {\n  background-color: #f0ab02;\n  font-size: 100%;\n}\n#text-box-1050626191 .text-inner {\n  padding: 30px 30px 30px 30px;\n}\n#text-box-1050626191 {\n  width: 100%;\n}\n@media (min-width:550px) {\n  #text-box-1050626191 {\n    width: 80%;\n  }\n}\n<\/style>\n    <\/div>\n \n        <\/div>\n      <\/div>\n\n            \n<style>\n#banner-1082210557 {\n  padding-top: 600px;\n  background-color: #ffffff;\n}\n#banner-1082210557 .banner-bg img {\n  object-position: 61% 100%;\n}\n<\/style>\n  <\/div>\n\n\n\t<div id=\"gap-937212260\" class=\"gap-element clearfix\" style=\"display:block; height:auto;\">\n\t\t\n<style>\n#gap-937212260 {\n  padding-top: 100px;\n}\n<\/style>\n\t<\/div>\n\t\n\n","protected":false},"excerpt":{"rendered":"","protected":false},"author":1,"featured_media":0,"parent":0,"menu_order":1,"comment_status":"closed","ping_status":"closed","template":"","meta":{"footnotes":""},"class_list":["post-2414","page","type-page","status-publish","hentry"],"_links":{"self":[{"href":"https:\/\/dovowp.bex.com.pt\/es\/wp-json\/wp\/v2\/pages\/2414","targetHints":{"allow":["GET"]}}],"collection":[{"href":"https:\/\/dovowp.bex.com.pt\/es\/wp-json\/wp\/v2\/pages"}],"about":[{"href":"https:\/\/dovowp.bex.com.pt\/es\/wp-json\/wp\/v2\/types\/page"}],"author":[{"embeddable":true,"href":"https:\/\/dovowp.bex.com.pt\/es\/wp-json\/wp\/v2\/users\/1"}],"replies":[{"embeddable":true,"href":"https:\/\/dovowp.bex.com.pt\/es\/wp-json\/wp\/v2\/comments?post=2414"}],"version-history":[{"count":8,"href":"https:\/\/dovowp.bex.com.pt\/es\/wp-json\/wp\/v2\/pages\/2414\/revisions"}],"predecessor-version":[{"id":2422,"href":"https:\/\/dovowp.bex.com.pt\/es\/wp-json\/wp\/v2\/pages\/2414\/revisions\/2422"}],"wp:attachment":[{"href":"https:\/\/dovowp.bex.com.pt\/es\/wp-json\/wp\/v2\/media?parent=2414"}],"curies":[{"name":"wp","href":"https:\/\/api.w.org\/{rel}","templated":true}]}}